{"id":2571,"date":"2021-06-10T17:14:16","date_gmt":"2021-06-10T17:14:16","guid":{"rendered":"http:\/\/stsophia.us\/?post_type=product&#038;p=2571"},"modified":"2023-04-20T15:40:50","modified_gmt":"2023-04-20T15:40:50","slug":"ukrayinska-wiara-i-nadzieja-andrzej-polec","status":"publish","type":"product","link":"https:\/\/stsophia.us\/ua\/product\/ukrayinska-wiara-i-nadzieja-andrzej-polec\/","title":{"rendered":"&#8221;Wiara I Nadzieja&#8221;, Andrzej Polec"},"content":{"rendered":"<p>\u041f\u0435\u0440\u0435\u0441\u0438\u043b\u043a\u0430 \u043a\u043d\u0438\u0433\u0438 \u0432 \u0404\u0432\u0440\u043e\u043f\u0443, \u041a\u0430\u043d\u0430\u0434\u0443 \u0442\u0430 \u043f\u0456\u0432\u0434\u0435\u043d\u043d\u0443 \u0410\u043c\u0435\u0440\u0438\u043a\u0443 \u043e\u043f\u043b\u0430\u0447\u0443\u0454\u0442\u044c\u0441\u044f \u0434\u043e\u0434\u0430\u0442\u043a\u043e\u0432\u043e<\/p>","protected":false},"excerpt":{"rendered":"<p>Od Autora<\/p>\n<p>Prace nad ksi\u0105\u017ck\u0105 rozpocz\u0119\u0142y si\u0119 w 1993 roku. Odzyskanie niepodleg\u0142o\u015bci Ukrainy i <em>nadchodz\u0105ca<\/em> rocznica Unii Brzeskiej sta\u0142y\u00a0 si\u0119 dla mnie bod\u017acem \u00a0do stworzenia albumu i do kolejnych p podr\u00f3zy na Ukrain\u0119. Takich wizyt by\u0142o oko\u0142o dwudziestu: przejecha\u0142em ten kraj oko\u0142o czterdziestu tysi\u0119cy kilometr\u00f3w i przywioz\u0142em ze sob\u0105 tysi\u0105ce zdj\u0119\u0107, a razem z nimi ciep\u0142e wra\u017cenia o tym kraju i jego mieszka\u0144cach.<\/p>\n","protected":false},"featured_media":2572,"comment_status":"closed","ping_status":"closed","template":"","meta":[],"product_brand":[],"product_cat":[50],"product_tag":[],"class_list":{"0":"post-2571","1":"product","2":"type-product","3":"status-publish","4":"has-post-thumbnail","6":"product_cat-uncategorized","7":"post","8":"post-with-thumbnail","9":"post-with-thumbnail-icon","11":"first","12":"instock","13":"shipping-taxable","14":"purchasable","15":"product-type-simple"},"_links":{"self":[{"href":"https:\/\/stsophia.us\/ua\/wp-json\/wp\/v2\/product\/2571","targetHints":{"allow":["GET"]}}],"collection":[{"href":"https:\/\/stsophia.us\/ua\/wp-json\/wp\/v2\/product"}],"about":[{"href":"https:\/\/stsophia.us\/ua\/wp-json\/wp\/v2\/types\/product"}],"replies":[{"embeddable":true,"href":"https:\/\/stsophia.us\/ua\/wp-json\/wp\/v2\/comments?post=2571"}],"wp:featuredmedia":[{"embeddable":true,"href":"https:\/\/stsophia.us\/ua\/wp-json\/wp\/v2\/media\/2572"}],"wp:attachment":[{"href":"https:\/\/stsophia.us\/ua\/wp-json\/wp\/v2\/media?parent=2571"}],"wp:term":[{"taxonomy":"product_brand","embeddable":true,"href":"https:\/\/stsophia.us\/ua\/wp-json\/wp\/v2\/product_brand?post=2571"},{"taxonomy":"product_cat","embeddable":true,"href":"https:\/\/stsophia.us\/ua\/wp-json\/wp\/v2\/product_cat?post=2571"},{"taxonomy":"product_tag","embeddable":true,"href":"https:\/\/stsophia.us\/ua\/wp-json\/wp\/v2\/product_tag?post=2571"}],"curies":[{"name":"wp","href":"https:\/\/api.w.org\/{rel}","templated":true}]}}